{"id":120,"date":"2018-11-23T18:16:10","date_gmt":"2018-11-23T17:16:10","guid":{"rendered":"http:\/\/3534.perso.domwest.net\/?page_id=120"},"modified":"2019-01-10T09:47:02","modified_gmt":"2019-01-10T08:47:02","slug":"realisations","status":"publish","type":"page","link":"https:\/\/www.aviteck.fr\/?page_id=120","title":{"rendered":"REALISATIONS"},"content":{"rendered":"\n<h2 class=\"wp-block-heading\">PR\u00c9SENTATION G\u00c9N\u00c9RALE<\/h2>\n\n\n\n<figure class=\"wp-block-embed-youtube wp-block-embed is-type-video is-provider-youtube wp-embed-aspect-16-9 wp-has-aspect-ratio\"><div class=\"wp-block-embed__wrapper\">\n<iframe loading=\"lazy\" width=\"821\" height=\"462\" src=\"https:\/\/www.youtube.com\/embed\/PxAC5B_-oRs?start=4&#038;feature=oembed\" frameborder=\"0\" allow=\"accelerometer; autoplay; encrypted-media; gyroscope; picture-in-picture\" allowfullscreen><\/iframe>\n<\/div><\/figure>\n\n\n\n<h2 class=\"wp-block-heading\">CONDITIONNEMENT \/ FIN DE LIGNES<\/h2>\n\n\n\n<ul class=\"wp-block-gallery columns-3 is-cropped wp-block-gallery-1 is-layout-flex wp-block-gallery-is-layout-flex\"><li class=\"blocks-gallery-item\"><figure><img loading=\"lazy\" decoding=\"async\" width=\"800\" height=\"600\" src=\"http:\/\/3534.perso.domwest.net\/wp-content\/uploads\/2019\/01\/GALERIE-ROBOTIQUE-09.png\" alt=\"\" data-id=\"313\" data-link=\"http:\/\/3534.perso.domwest.net\/?attachment_id=313\" class=\"wp-image-313\" srcset=\"https:\/\/www.aviteck.fr\/wp-content\/uploads\/2019\/01\/GALERIE-ROBOTIQUE-09.png 800w, https:\/\/www.aviteck.fr\/wp-content\/uploads\/2019\/01\/GALERIE-ROBOTIQUE-09-300x225.png 300w, https:\/\/www.aviteck.fr\/wp-content\/uploads\/2019\/01\/GALERIE-ROBOTIQUE-09-768x576.png 768w\" sizes=\"auto, (max-width: 800px) 100vw, 800px\" \/><\/figure><\/li><li class=\"blocks-gallery-item\"><figure><img loading=\"lazy\" decoding=\"async\" width=\"800\" height=\"600\" src=\"http:\/\/3534.perso.domwest.net\/wp-content\/uploads\/2019\/01\/GALERIE-MS-09.png\" alt=\"\" data-id=\"297\" data-link=\"http:\/\/3534.perso.domwest.net\/?attachment_id=297\" class=\"wp-image-297\" srcset=\"https:\/\/www.aviteck.fr\/wp-content\/uploads\/2019\/01\/GALERIE-MS-09.png 800w, https:\/\/www.aviteck.fr\/wp-content\/uploads\/2019\/01\/GALERIE-MS-09-300x225.png 300w, https:\/\/www.aviteck.fr\/wp-content\/uploads\/2019\/01\/GALERIE-MS-09-768x576.png 768w\" sizes=\"auto, (max-width: 800px) 100vw, 800px\" \/><\/figure><\/li><li class=\"blocks-gallery-item\"><figure><img loading=\"lazy\" decoding=\"async\" width=\"800\" height=\"600\" src=\"http:\/\/3534.perso.domwest.net\/wp-content\/uploads\/2019\/01\/GALERIE-ROBOTIQUE-02.png\" alt=\"\" data-id=\"306\" data-link=\"http:\/\/3534.perso.domwest.net\/?attachment_id=306\" class=\"wp-image-306\" srcset=\"https:\/\/www.aviteck.fr\/wp-content\/uploads\/2019\/01\/GALERIE-ROBOTIQUE-02.png 800w, https:\/\/www.aviteck.fr\/wp-content\/uploads\/2019\/01\/GALERIE-ROBOTIQUE-02-300x225.png 300w, https:\/\/www.aviteck.fr\/wp-content\/uploads\/2019\/01\/GALERIE-ROBOTIQUE-02-768x576.png 768w\" sizes=\"auto, (max-width: 800px) 100vw, 800px\" \/><\/figure><\/li><\/ul>\n\n\n\n<figure class=\"wp-block-embed-youtube wp-block-embed is-type-video is-provider-youtube wp-embed-aspect-16-9 wp-has-aspect-ratio\"><div class=\"wp-block-embed__wrapper\">\n<iframe loading=\"lazy\" width=\"821\" height=\"462\" src=\"https:\/\/www.youtube.com\/embed\/Pgvc-5eooII?feature=oembed\" frameborder=\"0\" allow=\"accelerometer; autoplay; encrypted-media; gyroscope; picture-in-picture\" allowfullscreen><\/iframe>\n<\/div><\/figure>\n\n\n\n<h2 class=\"wp-block-heading\">MANIPULATION<\/h2>\n\n\n\n<ul class=\"wp-block-gallery columns-1 is-cropped wp-block-gallery-2 is-layout-flex wp-block-gallery-is-layout-flex\"><li class=\"blocks-gallery-item\"><figure><img loading=\"lazy\" decoding=\"async\" width=\"1024\" height=\"434\" src=\"http:\/\/3534.perso.domwest.net\/wp-content\/uploads\/2019\/01\/AVITECK-BOUTEILLES-GAZ-1024x434.png\" alt=\"\" data-id=\"350\" data-link=\"http:\/\/3534.perso.domwest.net\/?attachment_id=350\" class=\"wp-image-350\" srcset=\"https:\/\/www.aviteck.fr\/wp-content\/uploads\/2019\/01\/AVITECK-BOUTEILLES-GAZ-1024x434.png 1024w, https:\/\/www.aviteck.fr\/wp-content\/uploads\/2019\/01\/AVITECK-BOUTEILLES-GAZ-300x127.png 300w, https:\/\/www.aviteck.fr\/wp-content\/uploads\/2019\/01\/AVITECK-BOUTEILLES-GAZ-768x326.png 768w, https:\/\/www.aviteck.fr\/wp-content\/uploads\/2019\/01\/AVITECK-BOUTEILLES-GAZ.png 1200w\" sizes=\"auto, (max-width: 1024px) 100vw, 1024px\" \/><\/figure><\/li><\/ul>\n\n\n\n<ul class=\"wp-block-gallery columns-3 is-cropped wp-block-gallery-3 is-layout-flex wp-block-gallery-is-layout-flex\"><li class=\"blocks-gallery-item\"><figure><img loading=\"lazy\" decoding=\"async\" width=\"800\" height=\"600\" src=\"http:\/\/3534.perso.domwest.net\/wp-content\/uploads\/2019\/01\/GALERIE-ROBOTIQUE-06-1.png\" alt=\"\" data-id=\"353\" data-link=\"http:\/\/3534.perso.domwest.net\/?attachment_id=353\" class=\"wp-image-353\" srcset=\"https:\/\/www.aviteck.fr\/wp-content\/uploads\/2019\/01\/GALERIE-ROBOTIQUE-06-1.png 800w, https:\/\/www.aviteck.fr\/wp-content\/uploads\/2019\/01\/GALERIE-ROBOTIQUE-06-1-300x225.png 300w, https:\/\/www.aviteck.fr\/wp-content\/uploads\/2019\/01\/GALERIE-ROBOTIQUE-06-1-768x576.png 768w\" sizes=\"auto, (max-width: 800px) 100vw, 800px\" \/><\/figure><\/li><li class=\"blocks-gallery-item\"><figure><img loading=\"lazy\" decoding=\"async\" width=\"800\" height=\"600\" src=\"http:\/\/3534.perso.domwest.net\/wp-content\/uploads\/2019\/01\/GALERIE-ROBOTIQUE-10.png\" alt=\"\" data-id=\"354\" data-link=\"http:\/\/3534.perso.domwest.net\/?attachment_id=354\" class=\"wp-image-354\" srcset=\"https:\/\/www.aviteck.fr\/wp-content\/uploads\/2019\/01\/GALERIE-ROBOTIQUE-10.png 800w, https:\/\/www.aviteck.fr\/wp-content\/uploads\/2019\/01\/GALERIE-ROBOTIQUE-10-300x225.png 300w, https:\/\/www.aviteck.fr\/wp-content\/uploads\/2019\/01\/GALERIE-ROBOTIQUE-10-768x576.png 768w\" sizes=\"auto, (max-width: 800px) 100vw, 800px\" \/><\/figure><\/li><li class=\"blocks-gallery-item\"><figure><img loading=\"lazy\" decoding=\"async\" width=\"800\" height=\"600\" src=\"http:\/\/3534.perso.domwest.net\/wp-content\/uploads\/2019\/01\/GALERIE-ROBOTIQUE-11.png\" alt=\"\" data-id=\"355\" data-link=\"http:\/\/3534.perso.domwest.net\/?attachment_id=355\" class=\"wp-image-355\" srcset=\"https:\/\/www.aviteck.fr\/wp-content\/uploads\/2019\/01\/GALERIE-ROBOTIQUE-11.png 800w, https:\/\/www.aviteck.fr\/wp-content\/uploads\/2019\/01\/GALERIE-ROBOTIQUE-11-300x225.png 300w, https:\/\/www.aviteck.fr\/wp-content\/uploads\/2019\/01\/GALERIE-ROBOTIQUE-11-768x576.png 768w\" sizes=\"auto, (max-width: 800px) 100vw, 800px\" \/><\/figure><\/li><\/ul>\n\n\n\n<h2 class=\"wp-block-heading\">MACHINES SP\u00c9CIALES<\/h2>\n\n\n\n<figure class=\"wp-block-embed-youtube wp-block-embed is-type-video is-provider-youtube wp-embed-aspect-16-9 wp-has-aspect-ratio\"><div class=\"wp-block-embed__wrapper\">\n<iframe loading=\"lazy\" width=\"821\" height=\"462\" src=\"https:\/\/www.youtube.com\/embed\/SQY6qdpfPNQ?feature=oembed\" frameborder=\"0\" allow=\"accelerometer; autoplay; encrypted-media; gyroscope; picture-in-picture\" allowfullscreen><\/iframe>\n<\/div><\/figure>\n\n\n\n<ul class=\"wp-block-gallery columns-3 is-cropped wp-block-gallery-4 is-layout-flex wp-block-gallery-is-layout-flex\"><li class=\"blocks-gallery-item\"><figure><img loading=\"lazy\" decoding=\"async\" width=\"800\" height=\"600\" src=\"http:\/\/3534.perso.domwest.net\/wp-content\/uploads\/2019\/01\/GALERIE-MS-01.png\" alt=\"\" data-id=\"286\" data-link=\"http:\/\/3534.perso.domwest.net\/?attachment_id=286\" class=\"wp-image-286\" srcset=\"https:\/\/www.aviteck.fr\/wp-content\/uploads\/2019\/01\/GALERIE-MS-01.png 800w, https:\/\/www.aviteck.fr\/wp-content\/uploads\/2019\/01\/GALERIE-MS-01-300x225.png 300w, https:\/\/www.aviteck.fr\/wp-content\/uploads\/2019\/01\/GALERIE-MS-01-768x576.png 768w\" sizes=\"auto, (max-width: 800px) 100vw, 800px\" \/><\/figure><\/li><li class=\"blocks-gallery-item\"><figure><img loading=\"lazy\" decoding=\"async\" width=\"800\" height=\"600\" src=\"http:\/\/3534.perso.domwest.net\/wp-content\/uploads\/2019\/01\/GALERIE-MS-08.png\" alt=\"\" data-id=\"296\" data-link=\"http:\/\/3534.perso.domwest.net\/?attachment_id=296\" class=\"wp-image-296\" srcset=\"https:\/\/www.aviteck.fr\/wp-content\/uploads\/2019\/01\/GALERIE-MS-08.png 800w, https:\/\/www.aviteck.fr\/wp-content\/uploads\/2019\/01\/GALERIE-MS-08-300x225.png 300w, https:\/\/www.aviteck.fr\/wp-content\/uploads\/2019\/01\/GALERIE-MS-08-768x576.png 768w\" sizes=\"auto, (max-width: 800px) 100vw, 800px\" \/><\/figure><\/li><li class=\"blocks-gallery-item\"><figure><img loading=\"lazy\" decoding=\"async\" width=\"800\" height=\"600\" src=\"http:\/\/3534.perso.domwest.net\/wp-content\/uploads\/2019\/01\/GALERIE-VISION-03.png\" alt=\"\" data-id=\"327\" data-link=\"http:\/\/3534.perso.domwest.net\/?attachment_id=327\" class=\"wp-image-327\" srcset=\"https:\/\/www.aviteck.fr\/wp-content\/uploads\/2019\/01\/GALERIE-VISION-03.png 800w, https:\/\/www.aviteck.fr\/wp-content\/uploads\/2019\/01\/GALERIE-VISION-03-300x225.png 300w, https:\/\/www.aviteck.fr\/wp-content\/uploads\/2019\/01\/GALERIE-VISION-03-768x576.png 768w\" sizes=\"auto, (max-width: 800px) 100vw, 800px\" \/><\/figure><\/li><li class=\"blocks-gallery-item\"><figure><img loading=\"lazy\" decoding=\"async\" width=\"800\" height=\"600\" src=\"http:\/\/3534.perso.domwest.net\/wp-content\/uploads\/2019\/01\/GALERIE-MS-03.png\" alt=\"\" data-id=\"288\" data-link=\"http:\/\/3534.perso.domwest.net\/?attachment_id=288\" class=\"wp-image-288\" srcset=\"https:\/\/www.aviteck.fr\/wp-content\/uploads\/2019\/01\/GALERIE-MS-03.png 800w, https:\/\/www.aviteck.fr\/wp-content\/uploads\/2019\/01\/GALERIE-MS-03-300x225.png 300w, https:\/\/www.aviteck.fr\/wp-content\/uploads\/2019\/01\/GALERIE-MS-03-768x576.png 768w\" sizes=\"auto, (max-width: 800px) 100vw, 800px\" \/><\/figure><\/li><li class=\"blocks-gallery-item\"><figure><img loading=\"lazy\" decoding=\"async\" width=\"800\" height=\"600\" src=\"http:\/\/3534.perso.domwest.net\/wp-content\/uploads\/2019\/01\/GALERIE-MS-05.png\" alt=\"\" data-id=\"290\" data-link=\"http:\/\/3534.perso.domwest.net\/?attachment_id=290\" class=\"wp-image-290\" srcset=\"https:\/\/www.aviteck.fr\/wp-content\/uploads\/2019\/01\/GALERIE-MS-05.png 800w, https:\/\/www.aviteck.fr\/wp-content\/uploads\/2019\/01\/GALERIE-MS-05-300x225.png 300w, https:\/\/www.aviteck.fr\/wp-content\/uploads\/2019\/01\/GALERIE-MS-05-768x576.png 768w\" sizes=\"auto, (max-width: 800px) 100vw, 800px\" \/><\/figure><\/li><li class=\"blocks-gallery-item\"><figure><img loading=\"lazy\" decoding=\"async\" width=\"800\" height=\"600\" src=\"http:\/\/3534.perso.domwest.net\/wp-content\/uploads\/2019\/01\/GALERIE-MS-07.png\" alt=\"\" data-id=\"292\" data-link=\"http:\/\/3534.perso.domwest.net\/?attachment_id=292\" class=\"wp-image-292\" srcset=\"https:\/\/www.aviteck.fr\/wp-content\/uploads\/2019\/01\/GALERIE-MS-07.png 800w, https:\/\/www.aviteck.fr\/wp-content\/uploads\/2019\/01\/GALERIE-MS-07-300x225.png 300w, https:\/\/www.aviteck.fr\/wp-content\/uploads\/2019\/01\/GALERIE-MS-07-768x576.png 768w\" sizes=\"auto, (max-width: 800px) 100vw, 800px\" \/><\/figure><\/li><\/ul>\n\n\n\n<h2 class=\"wp-block-heading\">VISION INDUSTRIELLE<\/h2>\n\n\n\n<ul class=\"wp-block-gallery columns-3 is-cropped wp-block-gallery-5 is-layout-flex wp-block-gallery-is-layout-flex\"><li class=\"blocks-gallery-item\"><figure><img loading=\"lazy\" decoding=\"async\" width=\"800\" height=\"600\" src=\"http:\/\/3534.perso.domwest.net\/wp-content\/uploads\/2019\/01\/GALERIE-VISION-04.png\" alt=\"\" data-id=\"328\" data-link=\"http:\/\/3534.perso.domwest.net\/?attachment_id=328\" class=\"wp-image-328\" srcset=\"https:\/\/www.aviteck.fr\/wp-content\/uploads\/2019\/01\/GALERIE-VISION-04.png 800w, https:\/\/www.aviteck.fr\/wp-content\/uploads\/2019\/01\/GALERIE-VISION-04-300x225.png 300w, https:\/\/www.aviteck.fr\/wp-content\/uploads\/2019\/01\/GALERIE-VISION-04-768x576.png 768w\" sizes=\"auto, (max-width: 800px) 100vw, 800px\" \/><\/figure><\/li><li class=\"blocks-gallery-item\"><figure><img loading=\"lazy\" decoding=\"async\" width=\"800\" height=\"600\" src=\"http:\/\/3534.perso.domwest.net\/wp-content\/uploads\/2019\/01\/GALERIE-VISION-01.png\" alt=\"\" data-id=\"326\" data-link=\"http:\/\/3534.perso.domwest.net\/?attachment_id=326\" class=\"wp-image-326\" srcset=\"https:\/\/www.aviteck.fr\/wp-content\/uploads\/2019\/01\/GALERIE-VISION-01.png 800w, https:\/\/www.aviteck.fr\/wp-content\/uploads\/2019\/01\/GALERIE-VISION-01-300x225.png 300w, https:\/\/www.aviteck.fr\/wp-content\/uploads\/2019\/01\/GALERIE-VISION-01-768x576.png 768w\" sizes=\"auto, (max-width: 800px) 100vw, 800px\" \/><\/figure><\/li><li class=\"blocks-gallery-item\"><figure><img loading=\"lazy\" decoding=\"async\" width=\"800\" height=\"600\" src=\"http:\/\/3534.perso.domwest.net\/wp-content\/uploads\/2019\/01\/GALERIE-VISION-07.png\" alt=\"\" data-id=\"331\" data-link=\"http:\/\/3534.perso.domwest.net\/?attachment_id=331\" class=\"wp-image-331\" srcset=\"https:\/\/www.aviteck.fr\/wp-content\/uploads\/2019\/01\/GALERIE-VISION-07.png 800w, https:\/\/www.aviteck.fr\/wp-content\/uploads\/2019\/01\/GALERIE-VISION-07-300x225.png 300w, https:\/\/www.aviteck.fr\/wp-content\/uploads\/2019\/01\/GALERIE-VISION-07-768x576.png 768w\" sizes=\"auto, (max-width: 800px) 100vw, 800px\" \/><\/figure><\/li><\/ul>\n","protected":false},"excerpt":{"rendered":"<p>PR\u00c9SENTATION G\u00c9N\u00c9RALE CONDITIONNEMENT \/ FIN DE LIGNES MANIPULATION MACHINES SP\u00c9CIALES VISION INDUSTRIELLE<\/p>\n","protected":false},"author":1,"featured_media":0,"parent":0,"menu_order":0,"comment_status":"closed","ping_status":"closed","template":"","meta":{"footnotes":""},"class_list":["post-120","page","type-page","status-publish","hentry"],"_links":{"self":[{"href":"https:\/\/www.aviteck.fr\/index.php?rest_route=\/wp\/v2\/pages\/120","targetHints":{"allow":["GET"]}}],"collection":[{"href":"https:\/\/www.aviteck.fr\/index.php?rest_route=\/wp\/v2\/pages"}],"about":[{"href":"https:\/\/www.aviteck.fr\/index.php?rest_route=\/wp\/v2\/types\/page"}],"author":[{"embeddable":true,"href":"https:\/\/www.aviteck.fr\/index.php?rest_route=\/wp\/v2\/users\/1"}],"replies":[{"embeddable":true,"href":"https:\/\/www.aviteck.fr\/index.php?rest_route=%2Fwp%2Fv2%2Fcomments&post=120"}],"version-history":[{"count":6,"href":"https:\/\/www.aviteck.fr\/index.php?rest_route=\/wp\/v2\/pages\/120\/revisions"}],"predecessor-version":[{"id":356,"href":"https:\/\/www.aviteck.fr\/index.php?rest_route=\/wp\/v2\/pages\/120\/revisions\/356"}],"wp:attachment":[{"href":"https:\/\/www.aviteck.fr\/index.php?rest_route=%2Fwp%2Fv2%2Fmedia&parent=120"}],"curies":[{"name":"wp","href":"https:\/\/api.w.org\/{rel}","templated":true}]}}