{"id":130,"date":"2018-11-23T19:56:59","date_gmt":"2018-11-23T18:56:59","guid":{"rendered":"http:\/\/3534.perso.domwest.net\/?page_id=130"},"modified":"2019-01-08T12:02:06","modified_gmt":"2019-01-08T11:02:06","slug":"la-societe","status":"publish","type":"page","link":"https:\/\/www.aviteck.fr\/?page_id=130","title":{"rendered":"LA SOCIETE"},"content":{"rendered":"<div id=\"pl-130\"  class=\"panel-layout\" ><div id=\"pg-130-0\"  class=\"panel-grid panel-no-style\" ><div id=\"pgc-130-0-0\"  class=\"panel-grid-cell\" ><div id=\"panel-130-0-0-0\" class=\"so-panel widget widget_sow-editor panel-first-child panel-last-child\" data-index=\"0\" ><div\n\t\t\t\n\t\t\tclass=\"so-widget-sow-editor so-widget-sow-editor-base\"\n\t\t\t\n\t\t>\n<div class=\"siteorigin-widget-tinymce textwidget\">\n\t<p>Cr\u00e9\u00e9e en 2008 par Willy CHUPIN, la soci\u00e9t\u00e9 d\u00e9buta son activit\u00e9 par la fourniture de prestations de service en \u00e9tude et ing\u00e9nierie m\u00e9canique.<\/p>\n<p>L'activit\u00e9 \u00e9volue vers des prestations \"cl\u00e9 en main\" ; int\u00e9grant, l'\u00e9tude, la r\u00e9alisation, le montage, la programmation et la mise en oeuvre sur site client.<\/p>\n<p>En 2015, arriv\u00e9e en tant qu'associ\u00e9 de Vincent JUDIC, d\u00e9m\u00e9nagement dans un b\u00e2timent de 1000m\u00b2.<\/p>\n<p><strong>Aviteck<\/strong> a aujourd'hui pour vocation l'\u00e9tude et la r\u00e9alisation d'\u00e9quipements industriels tels que : Manutention, Postes de travail, Palettisation, Encaissage, Manipulation, Machines Sp\u00e9ciales, ...<\/p>\n<p>A partir d'un cahier des charges ou d'une probl\u00e9matique, nous \u00e9laborons des solutions techniques sp\u00e9cifiques, et concevons sur mesure, ou \u00e0 partir de standards, des syst\u00e8mes complets en int\u00e9grant les param\u00e8tres importants d'aujourd'hui : la ma\u00eetrise des co\u00fbts ainsi que des d\u00e9lais.<\/p>\n<p>L'\u00e9quipe <strong>Aviteck\u00a0<\/strong>vous permet d\u2019aborder vos projets en v\u00e9ritable partenaire, dans un respect total des exigences et de la confidentialit\u00e9.<\/p>\n<\/div>\n<\/div><\/div><\/div><\/div><\/div>","protected":false},"excerpt":{"rendered":"<p>Cr\u00e9\u00e9e en 2008 par Willy CHUPIN, la soci\u00e9t\u00e9 d\u00e9buta son activit\u00e9 par la fourniture de prestations de service en \u00e9tude et ing\u00e9nierie m\u00e9canique. L&rsquo;activit\u00e9 \u00e9volue vers des prestations \u00ab\u00a0cl\u00e9 en main\u00a0\u00bb ; int\u00e9grant, l&rsquo;\u00e9tude, la r\u00e9alisation, le montage, la programmation et la mise en oeuvre sur site client. En 2015, arriv\u00e9e en tant qu&rsquo;associ\u00e9 de\u2026<\/p>\n","protected":false},"author":1,"featured_media":0,"parent":0,"menu_order":0,"comment_status":"closed","ping_status":"closed","template":"","meta":{"footnotes":""},"class_list":["post-130","page","type-page","status-publish","hentry"],"_links":{"self":[{"href":"https:\/\/www.aviteck.fr\/index.php?rest_route=\/wp\/v2\/pages\/130","targetHints":{"allow":["GET"]}}],"collection":[{"href":"https:\/\/www.aviteck.fr\/index.php?rest_route=\/wp\/v2\/pages"}],"about":[{"href":"https:\/\/www.aviteck.fr\/index.php?rest_route=\/wp\/v2\/types\/page"}],"author":[{"embeddable":true,"href":"https:\/\/www.aviteck.fr\/index.php?rest_route=\/wp\/v2\/users\/1"}],"replies":[{"embeddable":true,"href":"https:\/\/www.aviteck.fr\/index.php?rest_route=%2Fwp%2Fv2%2Fcomments&post=130"}],"version-history":[{"count":15,"href":"https:\/\/www.aviteck.fr\/index.php?rest_route=\/wp\/v2\/pages\/130\/revisions"}],"predecessor-version":[{"id":276,"href":"https:\/\/www.aviteck.fr\/index.php?rest_route=\/wp\/v2\/pages\/130\/revisions\/276"}],"wp:attachment":[{"href":"https:\/\/www.aviteck.fr\/index.php?rest_route=%2Fwp%2Fv2%2Fmedia&parent=130"}],"curies":[{"name":"wp","href":"https:\/\/api.w.org\/{rel}","templated":true}]}}