{"id":165,"date":"2018-11-24T11:06:03","date_gmt":"2018-11-24T10:06:03","guid":{"rendered":"http:\/\/3534.perso.domwest.net\/?page_id=165"},"modified":"2019-01-10T10:31:01","modified_gmt":"2019-01-10T09:31:01","slug":"etude-ingenierie","status":"publish","type":"page","link":"https:\/\/www.aviteck.fr\/?page_id=165","title":{"rendered":"ETUDE \/ INGENIERIE"},"content":{"rendered":"<p>Constitu\u00e9e d\u2019une \u00e9quipe b\u00e9n\u00e9ficiant d&rsquo;une exp\u00e9rience forte, AVITECK propose des solutions adapt\u00e9es \u00e0 vos besoins, ceci quelque soit votre domaine d&rsquo;activit\u00e9.<\/p>\n<p>AVITECK dispose d\u2019outils puissants permettant de r\u00e9pondre aux exigences de votre entreprise en termes de d\u00e9lais et de qualit\u00e9.<\/p>\n<p>Notre mission est de vous accompagner dans l\u2019analyse, la conception et la r\u00e9alisation de vos projets, afin de leur apporter un regard ext\u00e9rieur innovant et structur\u00e9.<\/p>\n<ul>\n<li>Conseils et assistance technique<\/li>\n<li>\u00c9laboration de cahiers des charges<\/li>\n<li>Etudes de faisabilit\u00e9 technique avec analyse objective de solutions<\/li>\n<li>Etudes de pr\u00e9-industrialisation et d\u2019industrialisation produit<\/li>\n<li>Conception 3D &#8211; Solidworks<\/li>\n<li>R\u00e9daction des dossiers techniques<\/li>\n<\/ul>\n\n\n<figure class=\"wp-block-embed-youtube wp-block-embed is-type-video is-provider-youtube wp-embed-aspect-16-9 wp-has-aspect-ratio\"><div class=\"wp-block-embed__wrapper\">\n<iframe loading=\"lazy\" width=\"821\" height=\"462\" src=\"https:\/\/www.youtube.com\/embed\/P0gaGnJSOws?feature=oembed\" frameborder=\"0\" allow=\"accelerometer; autoplay; encrypted-media; gyroscope; picture-in-picture\" allowfullscreen><\/iframe>\n<\/div><\/figure>\n","protected":false},"excerpt":{"rendered":"<p>Constitu\u00e9e d\u2019une \u00e9quipe b\u00e9n\u00e9ficiant d&rsquo;une exp\u00e9rience forte, AVITECK propose des solutions adapt\u00e9es \u00e0 vos besoins, ceci quelque soit votre domaine d&rsquo;activit\u00e9. AVITECK dispose d\u2019outils puissants permettant de r\u00e9pondre aux exigences de votre entreprise en termes de d\u00e9lais et de qualit\u00e9. Notre mission est de vous accompagner dans l\u2019analyse, la conception et la r\u00e9alisation de vos\u2026<\/p>\n","protected":false},"author":1,"featured_media":0,"parent":0,"menu_order":0,"comment_status":"closed","ping_status":"closed","template":"","meta":{"footnotes":""},"class_list":["post-165","page","type-page","status-publish","hentry"],"_links":{"self":[{"href":"https:\/\/www.aviteck.fr\/index.php?rest_route=\/wp\/v2\/pages\/165","targetHints":{"allow":["GET"]}}],"collection":[{"href":"https:\/\/www.aviteck.fr\/index.php?rest_route=\/wp\/v2\/pages"}],"about":[{"href":"https:\/\/www.aviteck.fr\/index.php?rest_route=\/wp\/v2\/types\/page"}],"author":[{"embeddable":true,"href":"https:\/\/www.aviteck.fr\/index.php?rest_route=\/wp\/v2\/users\/1"}],"replies":[{"embeddable":true,"href":"https:\/\/www.aviteck.fr\/index.php?rest_route=%2Fwp%2Fv2%2Fcomments&post=165"}],"version-history":[{"count":6,"href":"https:\/\/www.aviteck.fr\/index.php?rest_route=\/wp\/v2\/pages\/165\/revisions"}],"predecessor-version":[{"id":342,"href":"https:\/\/www.aviteck.fr\/index.php?rest_route=\/wp\/v2\/pages\/165\/revisions\/342"}],"wp:attachment":[{"href":"https:\/\/www.aviteck.fr\/index.php?rest_route=%2Fwp%2Fv2%2Fmedia&parent=165"}],"curies":[{"name":"wp","href":"https:\/\/api.w.org\/{rel}","templated":true}]}}