{"id":167,"date":"2018-11-24T11:06:22","date_gmt":"2018-11-24T10:06:22","guid":{"rendered":"http:\/\/3534.perso.domwest.net\/?page_id=167"},"modified":"2019-01-10T11:04:34","modified_gmt":"2019-01-10T10:04:34","slug":"machines-speciales","status":"publish","type":"page","link":"https:\/\/www.aviteck.fr\/?page_id=167","title":{"rendered":"MACHINES SPECIALES"},"content":{"rendered":"\n<h2 class=\"wp-block-heading\">UNE MACHINE SP\u00c9CIALE ?<\/h2>\n\n\n\n<p>Une machine sp\u00e9ciale est d\u00e9finie comme un moyen de production adapt\u00e9 sp\u00e9cifiquement au process de fabrication de vos produits.<\/p>\n\n\n\n<ul class=\"wp-block-gallery aligncenter columns-3 is-cropped wp-block-gallery-1 is-layout-flex wp-block-gallery-is-layout-flex\"><li class=\"blocks-gallery-item\"><figure><img loading=\"lazy\" decoding=\"async\" width=\"800\" height=\"600\" src=\"http:\/\/3534.perso.domwest.net\/wp-content\/uploads\/2019\/01\/GALERIE-MS-01.png\" alt=\"\" data-id=\"286\" data-link=\"http:\/\/3534.perso.domwest.net\/?attachment_id=286\" class=\"wp-image-286\" srcset=\"https:\/\/www.aviteck.fr\/wp-content\/uploads\/2019\/01\/GALERIE-MS-01.png 800w, https:\/\/www.aviteck.fr\/wp-content\/uploads\/2019\/01\/GALERIE-MS-01-300x225.png 300w, https:\/\/www.aviteck.fr\/wp-content\/uploads\/2019\/01\/GALERIE-MS-01-768x576.png 768w\" sizes=\"auto, (max-width: 800px) 100vw, 800px\" \/><\/figure><\/li><li class=\"blocks-gallery-item\"><figure><img loading=\"lazy\" decoding=\"async\" width=\"800\" height=\"600\" src=\"http:\/\/3534.perso.domwest.net\/wp-content\/uploads\/2019\/01\/GALERIE-MS-02.png\" alt=\"\" data-id=\"287\" data-link=\"http:\/\/3534.perso.domwest.net\/?attachment_id=287\" class=\"wp-image-287\" srcset=\"https:\/\/www.aviteck.fr\/wp-content\/uploads\/2019\/01\/GALERIE-MS-02.png 800w, https:\/\/www.aviteck.fr\/wp-content\/uploads\/2019\/01\/GALERIE-MS-02-300x225.png 300w, https:\/\/www.aviteck.fr\/wp-content\/uploads\/2019\/01\/GALERIE-MS-02-768x576.png 768w\" sizes=\"auto, (max-width: 800px) 100vw, 800px\" \/><\/figure><\/li><li class=\"blocks-gallery-item\"><figure><img loading=\"lazy\" decoding=\"async\" width=\"800\" height=\"600\" src=\"http:\/\/3534.perso.domwest.net\/wp-content\/uploads\/2019\/01\/GALERIE-MS-09.png\" alt=\"\" data-id=\"297\" data-link=\"http:\/\/3534.perso.domwest.net\/?attachment_id=297\" class=\"wp-image-297\" srcset=\"https:\/\/www.aviteck.fr\/wp-content\/uploads\/2019\/01\/GALERIE-MS-09.png 800w, https:\/\/www.aviteck.fr\/wp-content\/uploads\/2019\/01\/GALERIE-MS-09-300x225.png 300w, https:\/\/www.aviteck.fr\/wp-content\/uploads\/2019\/01\/GALERIE-MS-09-768x576.png 768w\" sizes=\"auto, (max-width: 800px) 100vw, 800px\" \/><\/figure><\/li><\/ul>\n\n\n\n<h2 class=\"wp-block-heading\">LES DOMAINES D&rsquo;APPLICATION<\/h2>\n\n\n\n<p>Le domaine est donc relativement large :<\/p>\n\n\n\n<ul class=\"wp-block-list\"><li>Am\u00e9nagement des postes de travail &#8211; Ergonomie<\/li><li>Outillages<\/li><li>Bancs de test<\/li><li>Les machines d\u2019emballage, de conditionnement<\/li><li>La manutention, le transport, le convoyage<\/li><li>Fonctions n\u00e9cessitant des besoins d&rsquo;automatisation, Retrofit<\/li><li>Plus g\u00e9n\u00e9ralement toutes les machines non disponibles sur catalogue&#8230;<\/li><\/ul>\n\n\n\n<ul class=\"wp-block-gallery aligncenter columns-3 is-cropped wp-block-gallery-2 is-layout-flex wp-block-gallery-is-layout-flex\"><li class=\"blocks-gallery-item\"><figure><img loading=\"lazy\" decoding=\"async\" width=\"800\" height=\"600\" src=\"http:\/\/3534.perso.domwest.net\/wp-content\/uploads\/2019\/01\/GALERIE-MS-03.png\" alt=\"\" data-id=\"288\" data-link=\"http:\/\/3534.perso.domwest.net\/?attachment_id=288\" class=\"wp-image-288\" srcset=\"https:\/\/www.aviteck.fr\/wp-content\/uploads\/2019\/01\/GALERIE-MS-03.png 800w, https:\/\/www.aviteck.fr\/wp-content\/uploads\/2019\/01\/GALERIE-MS-03-300x225.png 300w, https:\/\/www.aviteck.fr\/wp-content\/uploads\/2019\/01\/GALERIE-MS-03-768x576.png 768w\" sizes=\"auto, (max-width: 800px) 100vw, 800px\" \/><\/figure><\/li><li class=\"blocks-gallery-item\"><figure><img loading=\"lazy\" decoding=\"async\" width=\"800\" height=\"600\" src=\"http:\/\/3534.perso.domwest.net\/wp-content\/uploads\/2019\/01\/GALERIE-MS-05.png\" alt=\"\" data-id=\"290\" data-link=\"http:\/\/3534.perso.domwest.net\/?attachment_id=290\" class=\"wp-image-290\" srcset=\"https:\/\/www.aviteck.fr\/wp-content\/uploads\/2019\/01\/GALERIE-MS-05.png 800w, https:\/\/www.aviteck.fr\/wp-content\/uploads\/2019\/01\/GALERIE-MS-05-300x225.png 300w, https:\/\/www.aviteck.fr\/wp-content\/uploads\/2019\/01\/GALERIE-MS-05-768x576.png 768w\" sizes=\"auto, (max-width: 800px) 100vw, 800px\" \/><\/figure><\/li><li class=\"blocks-gallery-item\"><figure><img loading=\"lazy\" decoding=\"async\" width=\"800\" height=\"600\" src=\"http:\/\/3534.perso.domwest.net\/wp-content\/uploads\/2019\/01\/GALERIE-MS-07.png\" alt=\"\" data-id=\"292\" data-link=\"http:\/\/3534.perso.domwest.net\/?attachment_id=292\" class=\"wp-image-292\" srcset=\"https:\/\/www.aviteck.fr\/wp-content\/uploads\/2019\/01\/GALERIE-MS-07.png 800w, https:\/\/www.aviteck.fr\/wp-content\/uploads\/2019\/01\/GALERIE-MS-07-300x225.png 300w, https:\/\/www.aviteck.fr\/wp-content\/uploads\/2019\/01\/GALERIE-MS-07-768x576.png 768w\" sizes=\"auto, (max-width: 800px) 100vw, 800px\" \/><\/figure><\/li><\/ul>\n\n\n\n<p>En tant que concepteurs et fabricants de machines sp\u00e9ciales, nous pouvons r\u00e9aliser l\u2019ensemble des \u00e9tudes : m\u00e9caniques, pneumatiques, hydrauliques, \u00e9lectriques, automatisme&#8230;<\/p>\n\n\n\n<p>Nous effectuons les assemblages et mises au point dans notre atelier ainsi que l\u2019installation, la mise en oeuvre et le service apr\u00e8s vente dans vos locaux.<\/p>\n","protected":false},"excerpt":{"rendered":"<p>UNE MACHINE SP\u00c9CIALE ? Une machine sp\u00e9ciale est d\u00e9finie comme un moyen de production adapt\u00e9 sp\u00e9cifiquement au process de fabrication de vos produits. LES DOMAINES D&rsquo;APPLICATION Le domaine est donc relativement large : Am\u00e9nagement des postes de travail &#8211; Ergonomie Outillages Bancs de test Les machines d\u2019emballage, de conditionnement La manutention, le transport, le convoyage\u2026<\/p>\n","protected":false},"author":1,"featured_media":0,"parent":0,"menu_order":0,"comment_status":"closed","ping_status":"closed","template":"","meta":{"footnotes":""},"class_list":["post-167","page","type-page","status-publish","hentry"],"_links":{"self":[{"href":"https:\/\/www.aviteck.fr\/index.php?rest_route=\/wp\/v2\/pages\/167","targetHints":{"allow":["GET"]}}],"collection":[{"href":"https:\/\/www.aviteck.fr\/index.php?rest_route=\/wp\/v2\/pages"}],"about":[{"href":"https:\/\/www.aviteck.fr\/index.php?rest_route=\/wp\/v2\/types\/page"}],"author":[{"embeddable":true,"href":"https:\/\/www.aviteck.fr\/index.php?rest_route=\/wp\/v2\/users\/1"}],"replies":[{"embeddable":true,"href":"https:\/\/www.aviteck.fr\/index.php?rest_route=%2Fwp%2Fv2%2Fcomments&post=167"}],"version-history":[{"count":12,"href":"https:\/\/www.aviteck.fr\/index.php?rest_route=\/wp\/v2\/pages\/167\/revisions"}],"predecessor-version":[{"id":379,"href":"https:\/\/www.aviteck.fr\/index.php?rest_route=\/wp\/v2\/pages\/167\/revisions\/379"}],"wp:attachment":[{"href":"https:\/\/www.aviteck.fr\/index.php?rest_route=%2Fwp%2Fv2%2Fmedia&parent=167"}],"curies":[{"name":"wp","href":"https:\/\/api.w.org\/{rel}","templated":true}]}}