{"id":169,"date":"2018-11-24T11:06:34","date_gmt":"2018-11-24T10:06:34","guid":{"rendered":"http:\/\/3534.perso.domwest.net\/?page_id=169"},"modified":"2019-01-10T10:38:47","modified_gmt":"2019-01-10T09:38:47","slug":"robotique","status":"publish","type":"page","link":"https:\/\/www.aviteck.fr\/?page_id=169","title":{"rendered":"ROBOTIQUE"},"content":{"rendered":"\n<h2 class=\"wp-block-heading\">INTEGRATION ROBOTS<\/h2>\n\n\n\n<p>Depuis sa cr\u00e9ation, AVITECK int\u00e8gre dans ses solutions d\u2019automatisation la  <strong>robotique <\/strong>industrielle.<\/p>\n\n\n\n<ul class=\"wp-block-list\"><li>Encaissage \/ Palettisation<\/li><li>Chargement \/ D\u00e9chargement<\/li><li>Montage \/ Assemblage<\/li><li>Pick and place avec tracking<\/li><li>Conditionnement \/ Fin de ligne&nbsp;<\/li><\/ul>\n\n\n\n<ul class=\"wp-block-gallery aligncenter columns-3 is-cropped wp-block-gallery-1 is-layout-flex wp-block-gallery-is-layout-flex\"><li class=\"blocks-gallery-item\"><figure><img loading=\"lazy\" decoding=\"async\" width=\"800\" height=\"600\" src=\"http:\/\/3534.perso.domwest.net\/wp-content\/uploads\/2019\/01\/GALERIE-ROBOTIQUE-01.png\" alt=\"\" data-id=\"304\" data-link=\"http:\/\/3534.perso.domwest.net\/?attachment_id=304\" class=\"wp-image-304\" srcset=\"https:\/\/www.aviteck.fr\/wp-content\/uploads\/2019\/01\/GALERIE-ROBOTIQUE-01.png 800w, https:\/\/www.aviteck.fr\/wp-content\/uploads\/2019\/01\/GALERIE-ROBOTIQUE-01-300x225.png 300w, https:\/\/www.aviteck.fr\/wp-content\/uploads\/2019\/01\/GALERIE-ROBOTIQUE-01-768x576.png 768w\" sizes=\"auto, (max-width: 800px) 100vw, 800px\" \/><\/figure><\/li><li class=\"blocks-gallery-item\"><figure><img loading=\"lazy\" decoding=\"async\" width=\"800\" height=\"600\" src=\"http:\/\/3534.perso.domwest.net\/wp-content\/uploads\/2019\/01\/GALERIE-ROBOTIQUE-02.png\" alt=\"\" data-id=\"306\" data-link=\"http:\/\/3534.perso.domwest.net\/?attachment_id=306\" class=\"wp-image-306\" srcset=\"https:\/\/www.aviteck.fr\/wp-content\/uploads\/2019\/01\/GALERIE-ROBOTIQUE-02.png 800w, https:\/\/www.aviteck.fr\/wp-content\/uploads\/2019\/01\/GALERIE-ROBOTIQUE-02-300x225.png 300w, https:\/\/www.aviteck.fr\/wp-content\/uploads\/2019\/01\/GALERIE-ROBOTIQUE-02-768x576.png 768w\" sizes=\"auto, (max-width: 800px) 100vw, 800px\" \/><\/figure><\/li><li class=\"blocks-gallery-item\"><figure><img loading=\"lazy\" decoding=\"async\" width=\"800\" height=\"600\" src=\"http:\/\/3534.perso.domwest.net\/wp-content\/uploads\/2019\/01\/GALERIE-ROBOTIQUE-03.png\" alt=\"\" data-id=\"307\" data-link=\"http:\/\/3534.perso.domwest.net\/?attachment_id=307\" class=\"wp-image-307\" srcset=\"https:\/\/www.aviteck.fr\/wp-content\/uploads\/2019\/01\/GALERIE-ROBOTIQUE-03.png 800w, https:\/\/www.aviteck.fr\/wp-content\/uploads\/2019\/01\/GALERIE-ROBOTIQUE-03-300x225.png 300w, https:\/\/www.aviteck.fr\/wp-content\/uploads\/2019\/01\/GALERIE-ROBOTIQUE-03-768x576.png 768w\" sizes=\"auto, (max-width: 800px) 100vw, 800px\" \/><\/figure><\/li><\/ul>\n\n\n\n<h2 class=\"wp-block-heading\">LE CHOIX D&rsquo;UNE SOLUTION ROBOT<\/h2>\n\n\n\n<p>Les  principaux  avantages associ\u00e9s \u00e0 la robotique :<\/p>\n\n\n\n<ul class=\"wp-block-list\"><li>Suppression de postes \u00e0 fort risque de TMS<\/li><li>R\u00e9duction des co\u00fbts de maintenance<\/li><li>Ma\u00eetrise plus facile de l\u2019hygi\u00e8ne<\/li><li>Retour sur investissement rapide<\/li><li>Flexibilit\u00e9 de la production <\/li><\/ul>\n\n\n\n<ul class=\"wp-block-gallery columns-3 is-cropped wp-block-gallery-2 is-layout-flex wp-block-gallery-is-layout-flex\"><li class=\"blocks-gallery-item\"><figure><img loading=\"lazy\" decoding=\"async\" width=\"800\" height=\"600\" src=\"http:\/\/3534.perso.domwest.net\/wp-content\/uploads\/2019\/01\/GALERIE-ROBOTIQUE-04.png\" alt=\"\" data-id=\"308\" data-link=\"http:\/\/3534.perso.domwest.net\/?attachment_id=308\" class=\"wp-image-308\" srcset=\"https:\/\/www.aviteck.fr\/wp-content\/uploads\/2019\/01\/GALERIE-ROBOTIQUE-04.png 800w, https:\/\/www.aviteck.fr\/wp-content\/uploads\/2019\/01\/GALERIE-ROBOTIQUE-04-300x225.png 300w, https:\/\/www.aviteck.fr\/wp-content\/uploads\/2019\/01\/GALERIE-ROBOTIQUE-04-768x576.png 768w\" sizes=\"auto, (max-width: 800px) 100vw, 800px\" \/><\/figure><\/li><li class=\"blocks-gallery-item\"><figure><img loading=\"lazy\" decoding=\"async\" width=\"800\" height=\"600\" src=\"http:\/\/3534.perso.domwest.net\/wp-content\/uploads\/2019\/01\/GALERIE-ROBOTIQUE-05.png\" alt=\"\" data-id=\"309\" data-link=\"http:\/\/3534.perso.domwest.net\/?attachment_id=309\" class=\"wp-image-309\" srcset=\"https:\/\/www.aviteck.fr\/wp-content\/uploads\/2019\/01\/GALERIE-ROBOTIQUE-05.png 800w, https:\/\/www.aviteck.fr\/wp-content\/uploads\/2019\/01\/GALERIE-ROBOTIQUE-05-300x225.png 300w, https:\/\/www.aviteck.fr\/wp-content\/uploads\/2019\/01\/GALERIE-ROBOTIQUE-05-768x576.png 768w\" sizes=\"auto, (max-width: 800px) 100vw, 800px\" \/><\/figure><\/li><li class=\"blocks-gallery-item\"><figure><img loading=\"lazy\" decoding=\"async\" width=\"800\" height=\"600\" src=\"http:\/\/3534.perso.domwest.net\/wp-content\/uploads\/2019\/01\/GALERIE-ROBOTIQUE-06.png\" alt=\"\" data-id=\"310\" data-link=\"http:\/\/3534.perso.domwest.net\/?attachment_id=310\" class=\"wp-image-310\" srcset=\"https:\/\/www.aviteck.fr\/wp-content\/uploads\/2019\/01\/GALERIE-ROBOTIQUE-06.png 800w, https:\/\/www.aviteck.fr\/wp-content\/uploads\/2019\/01\/GALERIE-ROBOTIQUE-06-300x225.png 300w, https:\/\/www.aviteck.fr\/wp-content\/uploads\/2019\/01\/GALERIE-ROBOTIQUE-06-768x576.png 768w\" sizes=\"auto, (max-width: 800px) 100vw, 800px\" \/><\/figure><\/li><li class=\"blocks-gallery-item\"><figure><img loading=\"lazy\" decoding=\"async\" width=\"800\" height=\"600\" src=\"http:\/\/3534.perso.domwest.net\/wp-content\/uploads\/2019\/01\/GALERIE-ROBOTIQUE-07.png\" alt=\"\" data-id=\"311\" data-link=\"http:\/\/3534.perso.domwest.net\/?attachment_id=311\" class=\"wp-image-311\" srcset=\"https:\/\/www.aviteck.fr\/wp-content\/uploads\/2019\/01\/GALERIE-ROBOTIQUE-07.png 800w, https:\/\/www.aviteck.fr\/wp-content\/uploads\/2019\/01\/GALERIE-ROBOTIQUE-07-300x225.png 300w, https:\/\/www.aviteck.fr\/wp-content\/uploads\/2019\/01\/GALERIE-ROBOTIQUE-07-768x576.png 768w\" sizes=\"auto, (max-width: 800px) 100vw, 800px\" \/><\/figure><\/li><li class=\"blocks-gallery-item\"><figure><img loading=\"lazy\" decoding=\"async\" width=\"800\" height=\"600\" src=\"http:\/\/3534.perso.domwest.net\/wp-content\/uploads\/2019\/01\/GALERIE-ROBOTIQUE-09.png\" alt=\"\" data-id=\"313\" data-link=\"http:\/\/3534.perso.domwest.net\/?attachment_id=313\" class=\"wp-image-313\" srcset=\"https:\/\/www.aviteck.fr\/wp-content\/uploads\/2019\/01\/GALERIE-ROBOTIQUE-09.png 800w, https:\/\/www.aviteck.fr\/wp-content\/uploads\/2019\/01\/GALERIE-ROBOTIQUE-09-300x225.png 300w, https:\/\/www.aviteck.fr\/wp-content\/uploads\/2019\/01\/GALERIE-ROBOTIQUE-09-768x576.png 768w\" sizes=\"auto, (max-width: 800px) 100vw, 800px\" \/><\/figure><\/li><\/ul>\n\n\n\n<h2 class=\"wp-block-heading\">LA COBOTIQUE<\/h2>\n\n\n\n<p>Aussi, le d\u00e9veloppement de l&rsquo;activit\u00e9 <strong>cobotique <\/strong>nous permet de vous conseiller sur ces nouvelles opportunit\u00e9s et de vous apporter une solution adapt\u00e9e \u00e0 vos besoins. <\/p>\n\n\n\n<ul class=\"wp-block-gallery columns-2 is-cropped wp-block-gallery-3 is-layout-flex wp-block-gallery-is-layout-flex\"><li class=\"blocks-gallery-item\"><figure><img loading=\"lazy\" decoding=\"async\" width=\"800\" height=\"600\" src=\"http:\/\/3534.perso.domwest.net\/wp-content\/uploads\/2019\/01\/GALERIE-COBOT-01.png\" alt=\"\" data-id=\"346\" data-link=\"http:\/\/3534.perso.domwest.net\/?attachment_id=346\" class=\"wp-image-346\" srcset=\"https:\/\/www.aviteck.fr\/wp-content\/uploads\/2019\/01\/GALERIE-COBOT-01.png 800w, https:\/\/www.aviteck.fr\/wp-content\/uploads\/2019\/01\/GALERIE-COBOT-01-300x225.png 300w, https:\/\/www.aviteck.fr\/wp-content\/uploads\/2019\/01\/GALERIE-COBOT-01-768x576.png 768w\" sizes=\"auto, (max-width: 800px) 100vw, 800px\" \/><\/figure><\/li><li class=\"blocks-gallery-item\"><figure><img loading=\"lazy\" decoding=\"async\" width=\"800\" height=\"600\" src=\"http:\/\/3534.perso.domwest.net\/wp-content\/uploads\/2019\/01\/GALERIE-COBOT-02.png\" alt=\"\" data-id=\"347\" data-link=\"http:\/\/3534.perso.domwest.net\/?attachment_id=347\" class=\"wp-image-347\" srcset=\"https:\/\/www.aviteck.fr\/wp-content\/uploads\/2019\/01\/GALERIE-COBOT-02.png 800w, https:\/\/www.aviteck.fr\/wp-content\/uploads\/2019\/01\/GALERIE-COBOT-02-300x225.png 300w, https:\/\/www.aviteck.fr\/wp-content\/uploads\/2019\/01\/GALERIE-COBOT-02-768x576.png 768w\" sizes=\"auto, (max-width: 800px) 100vw, 800px\" \/><\/figure><\/li><\/ul>\n","protected":false},"excerpt":{"rendered":"<p>INTEGRATION ROBOTS Depuis sa cr\u00e9ation, AVITECK int\u00e8gre dans ses solutions d\u2019automatisation la robotique industrielle. Encaissage \/ Palettisation Chargement \/ D\u00e9chargement Montage \/ Assemblage Pick and place avec tracking Conditionnement \/ Fin de ligne&nbsp; LE CHOIX D&rsquo;UNE SOLUTION ROBOT Les principaux avantages associ\u00e9s \u00e0 la robotique : Suppression de postes \u00e0 fort risque de TMS R\u00e9duction\u2026<\/p>\n","protected":false},"author":1,"featured_media":0,"parent":0,"menu_order":0,"comment_status":"closed","ping_status":"closed","template":"","meta":{"footnotes":""},"class_list":["post-169","page","type-page","status-publish","hentry"],"_links":{"self":[{"href":"https:\/\/www.aviteck.fr\/index.php?rest_route=\/wp\/v2\/pages\/169","targetHints":{"allow":["GET"]}}],"collection":[{"href":"https:\/\/www.aviteck.fr\/index.php?rest_route=\/wp\/v2\/pages"}],"about":[{"href":"https:\/\/www.aviteck.fr\/index.php?rest_route=\/wp\/v2\/types\/page"}],"author":[{"embeddable":true,"href":"https:\/\/www.aviteck.fr\/index.php?rest_route=\/wp\/v2\/users\/1"}],"replies":[{"embeddable":true,"href":"https:\/\/www.aviteck.fr\/index.php?rest_route=%2Fwp%2Fv2%2Fcomments&post=169"}],"version-history":[{"count":9,"href":"https:\/\/www.aviteck.fr\/index.php?rest_route=\/wp\/v2\/pages\/169\/revisions"}],"predecessor-version":[{"id":377,"href":"https:\/\/www.aviteck.fr\/index.php?rest_route=\/wp\/v2\/pages\/169\/revisions\/377"}],"wp:attachment":[{"href":"https:\/\/www.aviteck.fr\/index.php?rest_route=%2Fwp%2Fv2%2Fmedia&parent=169"}],"curies":[{"name":"wp","href":"https:\/\/api.w.org\/{rel}","templated":true}]}}