{"id":172,"date":"2018-11-24T11:07:17","date_gmt":"2018-11-24T10:07:17","guid":{"rendered":"http:\/\/3534.perso.domwest.net\/?page_id=172"},"modified":"2019-01-10T10:29:15","modified_gmt":"2019-01-10T09:29:15","slug":"vision-et-informatique-industrielles","status":"publish","type":"page","link":"https:\/\/www.aviteck.fr\/?page_id=172","title":{"rendered":"VISION ET INFORMATIQUE INDUSTRIELLES"},"content":{"rendered":"<p>Depuis sa cr\u00e9ation, AVITECK int\u00e8gre dans ses solutions des syst\u00e8mes de vision, et d&rsquo;informatique industrielles ( Contr\u00f4le conformit\u00e9, guidage robot, &#8230; )<\/p>\n\n\n<h2 class=\"wp-block-heading\">LA VISION INDUSTRIELLE<\/h2>\n\n\n\n<p>Le principe de la <strong>vision industrielle<\/strong> se base sur l\u2019utilisation d\u2019une cam\u00e9ra et d\u2019un ordinateur pour r\u00e9aliser des op\u00e9rations de contr\u00f4le sur une ligne de production.<\/p>\n\n\n\n<ul class=\"wp-block-gallery columns-3 is-cropped wp-block-gallery-1 is-layout-flex wp-block-gallery-is-layout-flex\"><li class=\"blocks-gallery-item\"><figure><img loading=\"lazy\" decoding=\"async\" width=\"800\" height=\"600\" src=\"http:\/\/3534.perso.domwest.net\/wp-content\/uploads\/2019\/01\/GALERIE-VISION-01.png\" alt=\"\" data-id=\"326\" data-link=\"http:\/\/3534.perso.domwest.net\/?attachment_id=326\" class=\"wp-image-326\" srcset=\"https:\/\/www.aviteck.fr\/wp-content\/uploads\/2019\/01\/GALERIE-VISION-01.png 800w, https:\/\/www.aviteck.fr\/wp-content\/uploads\/2019\/01\/GALERIE-VISION-01-300x225.png 300w, https:\/\/www.aviteck.fr\/wp-content\/uploads\/2019\/01\/GALERIE-VISION-01-768x576.png 768w\" sizes=\"auto, (max-width: 800px) 100vw, 800px\" \/><\/figure><\/li><li class=\"blocks-gallery-item\"><figure><img loading=\"lazy\" decoding=\"async\" width=\"800\" height=\"600\" src=\"http:\/\/3534.perso.domwest.net\/wp-content\/uploads\/2019\/01\/GALERIE-VISION-03.png\" alt=\"\" data-id=\"327\" data-link=\"http:\/\/3534.perso.domwest.net\/?attachment_id=327\" class=\"wp-image-327\" srcset=\"https:\/\/www.aviteck.fr\/wp-content\/uploads\/2019\/01\/GALERIE-VISION-03.png 800w, https:\/\/www.aviteck.fr\/wp-content\/uploads\/2019\/01\/GALERIE-VISION-03-300x225.png 300w, https:\/\/www.aviteck.fr\/wp-content\/uploads\/2019\/01\/GALERIE-VISION-03-768x576.png 768w\" sizes=\"auto, (max-width: 800px) 100vw, 800px\" \/><\/figure><\/li><li class=\"blocks-gallery-item\"><figure><img loading=\"lazy\" decoding=\"async\" width=\"800\" height=\"600\" src=\"http:\/\/3534.perso.domwest.net\/wp-content\/uploads\/2019\/01\/GALERIE-VISION-04.png\" alt=\"\" data-id=\"328\" data-link=\"http:\/\/3534.perso.domwest.net\/?attachment_id=328\" class=\"wp-image-328\" srcset=\"https:\/\/www.aviteck.fr\/wp-content\/uploads\/2019\/01\/GALERIE-VISION-04.png 800w, https:\/\/www.aviteck.fr\/wp-content\/uploads\/2019\/01\/GALERIE-VISION-04-300x225.png 300w, https:\/\/www.aviteck.fr\/wp-content\/uploads\/2019\/01\/GALERIE-VISION-04-768x576.png 768w\" sizes=\"auto, (max-width: 800px) 100vw, 800px\" \/><\/figure><\/li><\/ul>\n\n\n\n<p>La cam\u00e9ra acquiert des images, l\u2019ordinateur se charge d\u2019appliquer les contr\u00f4les en fonction des param\u00e8tres d\u00e9finis.<\/p>\n\n\n\n<ul class=\"wp-block-gallery columns-3 is-cropped wp-block-gallery-2 is-layout-flex wp-block-gallery-is-layout-flex\"><li class=\"blocks-gallery-item\"><figure><img loading=\"lazy\" decoding=\"async\" width=\"800\" height=\"600\" src=\"http:\/\/3534.perso.domwest.net\/wp-content\/uploads\/2019\/01\/GALERIE-VISION-05.png\" alt=\"\" data-id=\"329\" data-link=\"http:\/\/3534.perso.domwest.net\/?attachment_id=329\" class=\"wp-image-329\" srcset=\"https:\/\/www.aviteck.fr\/wp-content\/uploads\/2019\/01\/GALERIE-VISION-05.png 800w, https:\/\/www.aviteck.fr\/wp-content\/uploads\/2019\/01\/GALERIE-VISION-05-300x225.png 300w, https:\/\/www.aviteck.fr\/wp-content\/uploads\/2019\/01\/GALERIE-VISION-05-768x576.png 768w\" sizes=\"auto, (max-width: 800px) 100vw, 800px\" \/><\/figure><\/li><li class=\"blocks-gallery-item\"><figure><img loading=\"lazy\" decoding=\"async\" width=\"800\" height=\"600\" src=\"http:\/\/3534.perso.domwest.net\/wp-content\/uploads\/2019\/01\/GALERIE-VISION-06.png\" alt=\"\" data-id=\"330\" data-link=\"http:\/\/3534.perso.domwest.net\/?attachment_id=330\" class=\"wp-image-330\" srcset=\"https:\/\/www.aviteck.fr\/wp-content\/uploads\/2019\/01\/GALERIE-VISION-06.png 800w, https:\/\/www.aviteck.fr\/wp-content\/uploads\/2019\/01\/GALERIE-VISION-06-300x225.png 300w, https:\/\/www.aviteck.fr\/wp-content\/uploads\/2019\/01\/GALERIE-VISION-06-768x576.png 768w\" sizes=\"auto, (max-width: 800px) 100vw, 800px\" \/><\/figure><\/li><li class=\"blocks-gallery-item\"><figure><img loading=\"lazy\" decoding=\"async\" width=\"800\" height=\"600\" src=\"http:\/\/3534.perso.domwest.net\/wp-content\/uploads\/2019\/01\/GALERIE-VISION-07.png\" alt=\"\" data-id=\"331\" data-link=\"http:\/\/3534.perso.domwest.net\/?attachment_id=331\" class=\"wp-image-331\" srcset=\"https:\/\/www.aviteck.fr\/wp-content\/uploads\/2019\/01\/GALERIE-VISION-07.png 800w, https:\/\/www.aviteck.fr\/wp-content\/uploads\/2019\/01\/GALERIE-VISION-07-300x225.png 300w, https:\/\/www.aviteck.fr\/wp-content\/uploads\/2019\/01\/GALERIE-VISION-07-768x576.png 768w\" sizes=\"auto, (max-width: 800px) 100vw, 800px\" \/><\/figure><\/li><\/ul>\n\n\n\n<p>La mise en place de ce type de syst\u00e8me permet un gain de de fiabilit\u00e9 par :<\/p>\n\n\n\n<ul class=\"wp-block-list\"><li>Un contr\u00f4le continu<\/li><li>Des crit\u00e8res de d\u00e9cision invariants<\/li><li>Une tra\u00e7abilit\u00e9<\/li><li>Des statistiques de production \/\/ conformit\u00e9<\/li><\/ul>\n\n\n\n<h2 class=\"wp-block-heading\">L&rsquo;INFORMATIQUE INDUSTRIELLE<\/h2>\n\n\n\n<p>L&rsquo;<strong>informatique industrielle<\/strong> est aussi naturellement pr\u00e9sente dans les solutions propos\u00e9es.<\/p>\n\n\n\n<ul class=\"wp-block-list\"><li>Interface op\u00e9rateur<\/li><li>Acquisition \/ Statistiques<\/li><li>Edition \u00e9tiquettes, rapports de production<\/li><li>Applications d\u00e9di\u00e9es process&#8230;<\/li><\/ul>\n\n\n\n<ul class=\"wp-block-gallery columns-2 is-cropped wp-block-gallery-3 is-layout-flex wp-block-gallery-is-layout-flex\"><li class=\"blocks-gallery-item\"><figure><img loading=\"lazy\" decoding=\"async\" width=\"800\" height=\"600\" src=\"http:\/\/3534.perso.domwest.net\/wp-content\/uploads\/2019\/01\/GALERIE-VISION-08.png\" alt=\"\" data-id=\"332\" data-link=\"http:\/\/3534.perso.domwest.net\/?attachment_id=332\" class=\"wp-image-332\" srcset=\"https:\/\/www.aviteck.fr\/wp-content\/uploads\/2019\/01\/GALERIE-VISION-08.png 800w, https:\/\/www.aviteck.fr\/wp-content\/uploads\/2019\/01\/GALERIE-VISION-08-300x225.png 300w, https:\/\/www.aviteck.fr\/wp-content\/uploads\/2019\/01\/GALERIE-VISION-08-768x576.png 768w\" sizes=\"auto, (max-width: 800px) 100vw, 800px\" \/><\/figure><\/li><li class=\"blocks-gallery-item\"><figure><img loading=\"lazy\" decoding=\"async\" width=\"800\" height=\"600\" src=\"http:\/\/3534.perso.domwest.net\/wp-content\/uploads\/2019\/01\/GALERIE-ROBOTIQUE-08.png\" alt=\"\" data-id=\"312\" data-link=\"http:\/\/3534.perso.domwest.net\/?attachment_id=312\" class=\"wp-image-312\" srcset=\"https:\/\/www.aviteck.fr\/wp-content\/uploads\/2019\/01\/GALERIE-ROBOTIQUE-08.png 800w, https:\/\/www.aviteck.fr\/wp-content\/uploads\/2019\/01\/GALERIE-ROBOTIQUE-08-300x225.png 300w, https:\/\/www.aviteck.fr\/wp-content\/uploads\/2019\/01\/GALERIE-ROBOTIQUE-08-768x576.png 768w\" sizes=\"auto, (max-width: 800px) 100vw, 800px\" \/><\/figure><\/li><\/ul>\n","protected":false},"excerpt":{"rendered":"<p>Depuis sa cr\u00e9ation, AVITECK int\u00e8gre dans ses solutions des syst\u00e8mes de vision, et d&rsquo;informatique industrielles ( Contr\u00f4le conformit\u00e9, guidage robot, &#8230; ) LA VISION INDUSTRIELLE Le principe de la vision industrielle se base sur l\u2019utilisation d\u2019une cam\u00e9ra et d\u2019un ordinateur pour r\u00e9aliser des op\u00e9rations de contr\u00f4le sur une ligne de production. La cam\u00e9ra acquiert des\u2026<\/p>\n","protected":false},"author":1,"featured_media":0,"parent":0,"menu_order":0,"comment_status":"closed","ping_status":"closed","template":"","meta":{"footnotes":""},"class_list":["post-172","page","type-page","status-publish","hentry"],"_links":{"self":[{"href":"https:\/\/www.aviteck.fr\/index.php?rest_route=\/wp\/v2\/pages\/172","targetHints":{"allow":["GET"]}}],"collection":[{"href":"https:\/\/www.aviteck.fr\/index.php?rest_route=\/wp\/v2\/pages"}],"about":[{"href":"https:\/\/www.aviteck.fr\/index.php?rest_route=\/wp\/v2\/types\/page"}],"author":[{"embeddable":true,"href":"https:\/\/www.aviteck.fr\/index.php?rest_route=\/wp\/v2\/users\/1"}],"replies":[{"embeddable":true,"href":"https:\/\/www.aviteck.fr\/index.php?rest_route=%2Fwp%2Fv2%2Fcomments&post=172"}],"version-history":[{"count":11,"href":"https:\/\/www.aviteck.fr\/index.php?rest_route=\/wp\/v2\/pages\/172\/revisions"}],"predecessor-version":[{"id":369,"href":"https:\/\/www.aviteck.fr\/index.php?rest_route=\/wp\/v2\/pages\/172\/revisions\/369"}],"wp:attachment":[{"href":"https:\/\/www.aviteck.fr\/index.php?rest_route=%2Fwp%2Fv2%2Fmedia&parent=172"}],"curies":[{"name":"wp","href":"https:\/\/api.w.org\/{rel}","templated":true}]}}