{"id":232,"date":"2018-11-24T17:46:32","date_gmt":"2018-11-24T16:46:32","guid":{"rendered":"http:\/\/3534.perso.domwest.net\/?page_id=232"},"modified":"2019-01-08T15:53:58","modified_gmt":"2019-01-08T14:53:58","slug":"savoir-faire","status":"publish","type":"page","link":"https:\/\/www.aviteck.fr\/?page_id=232","title":{"rendered":"SAVOIR FAIRE"},"content":{"rendered":"<div id=\"pl-232\"  class=\"panel-layout\" ><div id=\"pg-232-0\"  class=\"panel-grid panel-no-style\" ><div id=\"pgc-232-0-0\"  class=\"panel-grid-cell\" ><div id=\"panel-232-0-0-0\" class=\"so-panel widget widget_sow-features panel-first-child panel-last-child\" data-index=\"0\" ><div\n\t\t\t\n\t\t\tclass=\"so-widget-sow-features so-widget-sow-features-default-5380f66e703b-232\"\n\t\t\t\n\t\t><ul\n\tclass=\"sow-features-list\n\tsow-features-responsive\">\n\n\t\t\t<li\n\t\t\tclass=\"sow-features-feature sow-icon-container-position-top\"\n\t\t\tstyle=\"display: flex; flex-direction: column; width: calc(25% - 25px);\"\n\t\t>\n\t\t\t\n\t\t\t\t\t\t<a\t\t\t\tclass=\"sow-icon-container sow-container-rounded-square\"\n\t\t\t\tstyle=\"color: #404040; \"\n\t\t\t\ttitle=\"ETUDE \/ INGENIERIE\"\n\t\t\t\t\t\t\t\t\thref=\"https:\/\/www.aviteck.fr\/?page_id=165\"\n\t\t\t\t\t\t\t\t>\n\t\t\t\t\t\t\t\t\t\t<div class=\"sow-icon-image\" style=\"background-image: url(https:\/\/www.aviteck.fr\/wp-content\/uploads\/2018\/11\/ICONE-ETUDE.png); font-size: 35px\"><\/div>\n\t\t\t\t\t\t\t\t\t<\/a>\n\n\t\t\t<div class=\"textwidget\">\n\t\t\t\t\n\t\t\t\t\t\t\t\t\t<h5 class=\"sow-features-feature-title\">\n\t\t\t\t\t\t\t\t\t\t\t\t\t<a\n\t\t\t\t\t\t\t\thref=\"https:\/\/www.aviteck.fr\/?page_id=165\"\n\t\t\t\t\t\t\t\t\t\t\t\t\t\t\t>\n\t\t\t\t\t\t\tETUDE \/ INGENIERIE\t\t\t\t\t\t\t<\/a>\n\t\t\t\t\t\t\t\t\t\t\t\t<\/h5>\n\t\t\t\t\n\t\t\t\t\t\t\t\t\t<div class=\"sow-features-feature-text\">\n\t\t\t\t\t<p style=\"text-align: center\"><em><strong>Analyse des Risques, Faisabilit\u00e9<\/strong><\/em><br \/>\n<em><strong>Cahier des charges<\/strong><\/em><br \/>\n<em><strong>Gestion de flux, Organisation<\/strong><\/em><br \/>\n<em><strong>Recherche de solutions,\u00a0Ergonomie<\/strong><\/em><br \/>\n<em><strong>Assistance technique<\/strong><\/em><\/p>\n\t\t\t\t\t<\/div>\n\t\t\t\t\t\t\t\t<\/div>\n\t\t\t\t\t\t\t\t<\/li>\n\n\t\t\t<li\n\t\t\tclass=\"sow-features-feature sow-icon-container-position-top\"\n\t\t\tstyle=\"display: flex; flex-direction: column; width: calc(25% - 25px);\"\n\t\t>\n\t\t\t\n\t\t\t\t\t\t<a\t\t\t\tclass=\"sow-icon-container sow-container-rounded-square\"\n\t\t\t\tstyle=\"color: #404040; \"\n\t\t\t\ttitle=\"MACHINES SPECIALES\"\n\t\t\t\t\t\t\t\t\thref=\"https:\/\/www.aviteck.fr\/?page_id=167\"\n\t\t\t\t\t\t\t\t>\n\t\t\t\t\t\t\t\t\t\t<div class=\"sow-icon-image\" style=\"background-image: url(https:\/\/www.aviteck.fr\/wp-content\/uploads\/2018\/11\/ICONE-MACHINE.png); font-size: 35px\"><\/div>\n\t\t\t\t\t\t\t\t\t<\/a>\n\n\t\t\t<div class=\"textwidget\">\n\t\t\t\t\n\t\t\t\t\t\t\t\t\t<h5 class=\"sow-features-feature-title\">\n\t\t\t\t\t\t\t\t\t\t\t\t\t<a\n\t\t\t\t\t\t\t\thref=\"https:\/\/www.aviteck.fr\/?page_id=167\"\n\t\t\t\t\t\t\t\t\t\t\t\t\t\t\t>\n\t\t\t\t\t\t\tMACHINES SPECIALES\t\t\t\t\t\t\t<\/a>\n\t\t\t\t\t\t\t\t\t\t\t\t<\/h5>\n\t\t\t\t\n\t\t\t\t\t\t\t\t\t<div class=\"sow-features-feature-text\">\n\t\t\t\t\t<p style=\"text-align: center\"><em><strong>Etudes, Mise en Oeuvre<\/strong><\/em><br \/>\n<em><strong>Solutions \"Sur Mesure\"<\/strong><\/em><br \/>\n<em><strong>M\u00e9canisation<\/strong><\/em><em><strong>, Automatisation<\/strong><\/em><br \/>\n<em><strong>Prestation \"Cl\u00e9 en main\"<\/strong><\/em><\/p>\n\t\t\t\t\t<\/div>\n\t\t\t\t\t\t\t\t<\/div>\n\t\t\t\t\t\t\t\t<\/li>\n\n\t\t\t<li\n\t\t\tclass=\"sow-features-feature sow-icon-container-position-top\"\n\t\t\tstyle=\"display: flex; flex-direction: column; width: calc(25% - 25px);\"\n\t\t>\n\t\t\t\n\t\t\t\t\t\t<a\t\t\t\tclass=\"sow-icon-container sow-container-rounded-square\"\n\t\t\t\tstyle=\"color: #404040; \"\n\t\t\t\ttitle=\"ROBOTIQUE\"\n\t\t\t\t\t\t\t\t\thref=\"https:\/\/www.aviteck.fr\/?page_id=169\"\n\t\t\t\t\t\t\t\t>\n\t\t\t\t\t\t\t\t\t\t<div class=\"sow-icon-image\" style=\"background-image: url(https:\/\/www.aviteck.fr\/wp-content\/uploads\/2018\/11\/ICONE-ROBOTIC-150x150.png); font-size: 35px\"><\/div>\n\t\t\t\t\t\t\t\t\t<\/a>\n\n\t\t\t<div class=\"textwidget\">\n\t\t\t\t\n\t\t\t\t\t\t\t\t\t<h5 class=\"sow-features-feature-title\">\n\t\t\t\t\t\t\t\t\t\t\t\t\t<a\n\t\t\t\t\t\t\t\thref=\"https:\/\/www.aviteck.fr\/?page_id=169\"\n\t\t\t\t\t\t\t\t\t\t\t\t\t\t\t>\n\t\t\t\t\t\t\tROBOTIQUE\t\t\t\t\t\t\t<\/a>\n\t\t\t\t\t\t\t\t\t\t\t\t<\/h5>\n\t\t\t\t\n\t\t\t\t\t\t\t\t\t<div class=\"sow-features-feature-text\">\n\t\t\t\t\t<p style=\"text-align: center\"><em><strong>Manipulation, Assemblage<\/strong><\/em><br \/>\n<em><strong>Chargement et D\u00e9chargement<\/strong><\/em><br \/>\n<em><strong>Application, Peinture, Projection<\/strong><\/em><br \/>\n<em><strong>Encaissage, Palettisation<\/strong><\/em><br \/>\n<em><strong>Pick and Place<\/strong><\/em><\/p>\n\t\t\t\t\t<\/div>\n\t\t\t\t\t\t\t\t<\/div>\n\t\t\t\t\t\t\t\t<\/li>\n\n\t\t\t<li\n\t\t\tclass=\"sow-features-feature sow-icon-container-position-top\"\n\t\t\tstyle=\"display: flex; flex-direction: column; width: calc(25% - 25px);\"\n\t\t>\n\t\t\t\n\t\t\t\t\t\t<a\t\t\t\tclass=\"sow-icon-container sow-container-rounded-square\"\n\t\t\t\tstyle=\"color: #404040; \"\n\t\t\t\ttitle=\"VISION ET INFORMATIQUE INDUSTRIELLES\"\n\t\t\t\t\t\t\t\t\thref=\"https:\/\/www.aviteck.fr\/?page_id=172\"\n\t\t\t\t\t\t\t\t>\n\t\t\t\t\t\t\t\t\t\t<div class=\"sow-icon-image\" style=\"background-image: url(https:\/\/www.aviteck.fr\/wp-content\/uploads\/2018\/11\/ICONE-VISION.png); font-size: 35px\"><\/div>\n\t\t\t\t\t\t\t\t\t<\/a>\n\n\t\t\t<div class=\"textwidget\">\n\t\t\t\t\n\t\t\t\t\t\t\t\t\t<h5 class=\"sow-features-feature-title\">\n\t\t\t\t\t\t\t\t\t\t\t\t\t<a\n\t\t\t\t\t\t\t\thref=\"https:\/\/www.aviteck.fr\/?page_id=172\"\n\t\t\t\t\t\t\t\t\t\t\t\t\t\t\t>\n\t\t\t\t\t\t\tVISION ET INFORMATIQUE INDUSTRIELLES\t\t\t\t\t\t\t<\/a>\n\t\t\t\t\t\t\t\t\t\t\t\t<\/h5>\n\t\t\t\t\n\t\t\t\t\t\t\t\t\t<div class=\"sow-features-feature-text\">\n\t\t\t\t\t<p style=\"text-align: center\"><em><strong>Programmation, Supervision<\/strong><\/em><br \/>\n<em><strong>Contr\u00f4le Qualit\u00e9, Conformit\u00e9<\/strong><\/em><br \/>\n<em><strong>Reconnaissance, Tri,\u00a0Guidage robot<\/strong><\/em><br \/>\n<em><strong>Identification, Lecture de codes<\/strong><\/em><\/p>\n\t\t\t\t\t<\/div>\n\t\t\t\t\t\t\t\t<\/div>\n\t\t\t\t\t\t\t\t<\/li>\n\n\t<\/ul>\n<\/div><\/div><\/div><\/div><\/div>","protected":false},"excerpt":{"rendered":"<p>ETUDE \/ INGENIERIE Analyse des Risques, Faisabilit\u00e9 Cahier des charges Gestion de flux, Organisation Recherche de solutions,\u00a0Ergonomie Assistance technique MACHINES SPECIALES Etudes, Mise en Oeuvre Solutions \u00ab\u00a0Sur Mesure\u00a0\u00bb M\u00e9canisation, Automatisation Prestation \u00ab\u00a0Cl\u00e9 en main\u00a0\u00bb ROBOTIQUE Manipulation, Assemblage Chargement et D\u00e9chargement Application, Peinture, Projection Encaissage, Palettisation Pick and Place VISION ET INFORMATIQUE INDUSTRIELLES Programmation, Supervision Contr\u00f4le\u2026<\/p>\n","protected":false},"author":1,"featured_media":0,"parent":0,"menu_order":0,"comment_status":"closed","ping_status":"closed","template":"","meta":{"footnotes":""},"class_list":["post-232","page","type-page","status-publish","hentry"],"_links":{"self":[{"href":"https:\/\/www.aviteck.fr\/index.php?rest_route=\/wp\/v2\/pages\/232","targetHints":{"allow":["GET"]}}],"collection":[{"href":"https:\/\/www.aviteck.fr\/index.php?rest_route=\/wp\/v2\/pages"}],"about":[{"href":"https:\/\/www.aviteck.fr\/index.php?rest_route=\/wp\/v2\/types\/page"}],"author":[{"embeddable":true,"href":"https:\/\/www.aviteck.fr\/index.php?rest_route=\/wp\/v2\/users\/1"}],"replies":[{"embeddable":true,"href":"https:\/\/www.aviteck.fr\/index.php?rest_route=%2Fwp%2Fv2%2Fcomments&post=232"}],"version-history":[{"count":10,"href":"https:\/\/www.aviteck.fr\/index.php?rest_route=\/wp\/v2\/pages\/232\/revisions"}],"predecessor-version":[{"id":259,"href":"https:\/\/www.aviteck.fr\/index.php?rest_route=\/wp\/v2\/pages\/232\/revisions\/259"}],"wp:attachment":[{"href":"https:\/\/www.aviteck.fr\/index.php?rest_route=%2Fwp%2Fv2%2Fmedia&parent=232"}],"curies":[{"name":"wp","href":"https:\/\/api.w.org\/{rel}","templated":true}]}}